{"id":68,"date":"2023-09-01T18:01:35","date_gmt":"2023-09-01T16:01:35","guid":{"rendered":"https:\/\/www.capracamper.it\/capracamper\/?page_id=68"},"modified":"2023-09-11T12:33:37","modified_gmt":"2023-09-11T10:33:37","slug":"impressum","status":"publish","type":"page","link":"https:\/\/www.capracamper.it\/de\/impressum\/","title":{"rendered":"Impressum"},"content":{"rendered":"<h4>Herausgeber &amp; Eigent\u00fcmer<\/h4>\n<p>FEMA KG &#8211; d. Werner Federer<br \/>\nJ.F. Kennedy Stra\u00dfe 288a<br \/>\n39055 Leifers (BZ)<br \/>\nS\u00fcdtirol \/ Italien<br \/>\nT +39 0471 952 471<br \/>\n<a href=\"mailto:in&#102;&#111;&#64;&#102;&#101;&#109;&#97;&#99;&#97;&#114;s&#46;c&#111;m\">info&#64;f&#101;m&#97;ca&#114;s.c&#111;&#109;<\/a><\/p>\n<p>MwSt-Nr. 02515560213<\/p>\n<h4>Design, Programmierung &amp; CMS<\/h4>\n<p>ps-design<br \/>\nd. Pircher Stefan<br \/>\nLaugengasse 24<br \/>\nI-39011 Lana (BZ)<br \/>\nM +39 333 391 4367<br \/>\n<a href=\"mailto:i&#110;&#102;&#111;&#64;ps&#45;&#100;e&#115;i&#103;&#110;.it\">&#105;n&#102;o&#64;&#112;s&#45;&#100;&#101;&#115;i&#103;n&#46;&#105;t<\/a><\/p>\n<h4>Texterstellung<\/h4>\n<p>FEMA KG<\/p>\n<h4>Fotos &amp; Bildquellen<\/h4>\n<p>FEMA KG, <a href=\"https:\/\/capracamper.com\" target=\"_blank\" rel=\"noopener\">capracamper.com<\/a><\/p>\n<h4>Hinweise &amp; Haftungsausschluss<\/h4>\n<p>Alle Angaben und Inhalte dieser Internet-Seite wurden von uns sorgf\u00e4ltig \u00fcberpr\u00fcft. Trotz aller Sorgfalt kann keine Haftung oder Garantie f\u00fcr die Richtigkeit, Vollst\u00e4ndigkeit und Aktualit\u00e4t der Daten \u00fcbernommen werden. Dies gilt auch f\u00fcr alle anderen Websites, auf die mit Hyperlinks verwiesen wird. FEMA KG ist f\u00fcr den Inhalt der Websites, die aufgrund einer solchen Verbindung erreicht werden, nicht verantwortlich. Wir behalten uns das Recht vor, Aktualisierungen, \u00c4nderungen oder Erg\u00e4nzungen an den bereitgestellten Informationen und Daten vorzunehmen.<\/p>\n<h4>EU-Streitschlichtung<\/h4>\n<p>Die Europ\u00e4ische Kommission stellt eine <a href=\"https:\/\/ec.europa.eu\/consumers\/odr\" target=\"_blank\" rel=\"noopener\">Plattform zur Online-Streitbeilegung<\/a> (OS) bereit.<\/p>\n<h4>Copyright<\/h4>\n<p>Konzept, Struktur und Inhalt dieser Website ist urheberrechtlich gesch\u00fctzt. Die Vervielf\u00e4ltigung von Informationen oder Daten, insbesondere die Verwendung von Texten, Textteilen oder Bildmaterial bedarf der vorherigen Zustimmung von FEMA KG.<\/p>\n<h4>CMS-System<\/h4>\n<p>powered by <a href=\"\/\/de.wordpress.org\" target=\"_blank\" rel=\"noopener noreferrer\">WordPress<\/a><\/p>\n","protected":false},"excerpt":{"rendered":"<p>Herausgeber &amp; Eigent\u00fcmer FEMA KG &#8211; d. Werner Federer J.F. Kennedy Stra\u00dfe 288a 39055 Leifers (BZ) S\u00fcdtirol \/ Italien T +39 0471 952 471 MwSt-Nr. 02515560213 Design, Programmierung &amp; CMS ps-design d. Pircher Stefan Laugengasse 24 I-39011 Lana (BZ) M +39 333 391 4367 Texterstellung FEMA KG Fotos &amp; Bildquellen FEMA KG, capracamper.com Hinweise &amp; [&hellip;]<\/p>\n","protected":false},"author":1,"featured_media":0,"parent":0,"menu_order":10,"comment_status":"closed","ping_status":"closed","template":"","meta":{"footnotes":""},"class_list":["post-68","page","type-page","status-publish","hentry"],"_links":{"self":[{"href":"https:\/\/www.capracamper.it\/de\/wp-json\/wp\/v2\/pages\/68","targetHints":{"allow":["GET"]}}],"collection":[{"href":"https:\/\/www.capracamper.it\/de\/wp-json\/wp\/v2\/pages"}],"about":[{"href":"https:\/\/www.capracamper.it\/de\/wp-json\/wp\/v2\/types\/page"}],"author":[{"embeddable":true,"href":"https:\/\/www.capracamper.it\/de\/wp-json\/wp\/v2\/users\/1"}],"replies":[{"embeddable":true,"href":"https:\/\/www.capracamper.it\/de\/wp-json\/wp\/v2\/comments?post=68"}],"version-history":[{"count":0,"href":"https:\/\/www.capracamper.it\/de\/wp-json\/wp\/v2\/pages\/68\/revisions"}],"wp:attachment":[{"href":"https:\/\/www.capracamper.it\/de\/wp-json\/wp\/v2\/media?parent=68"}],"curies":[{"name":"wp","href":"https:\/\/api.w.org\/{rel}","templated":true}]}}