{"id":66,"date":"2023-09-01T18:00:06","date_gmt":"2023-09-01T16:00:06","guid":{"rendered":"https:\/\/www.capracamper.it\/capracamper\/?page_id=66"},"modified":"2023-09-11T16:46:06","modified_gmt":"2023-09-11T14:46:06","slug":"datenschutz","status":"publish","type":"page","link":"https:\/\/www.capracamper.it\/de\/datenschutz\/","title":{"rendered":"Datenschutzerkl\u00e4rung"},"content":{"rendered":"<h4>Aufkl\u00e4rungsschreiben im Sinne der DSGVO 2016\/679<\/h4>\n<p>im Sinne des Art. 13 der DSGVO 2016\/679 zum Schutz pers\u00f6nlicher Daten werden Ihre Daten nach den Prinzipien der Korrektheit, Legalit\u00e4t und Transparenz sowie unter Ber\u00fccksichtigung ihrer Privatsph\u00e4re und Ihrer Rechte behandelt. Im Sinne des Art. 13 der DSGVO 2016\/679 gelten folgende Richtlinien zur Datenverarbeitung:<\/p>\n<h4>1. Verantwortlicher der Datenverarbeitung<\/h4>\n<p>Der Verantwortliche der pers\u00f6nlichen Daten ist FEMA KG d. Werner Federer, mit Sitz in 39055 Leifers, J.F. Kennedy Stra\u00dfe 288a, E-Mail: <a href=\"mailto:&#105;&#110;&#102;&#111;&#64;f&#101;&#109;aca&#114;s.&#99;&#111;m\">&#105;&#110;&#102;&#111;&#64;&#102;&#101;m&#97;ca&#114;&#115;.c&#111;m<\/a>, Tel. +39 0471 952 471.<\/p>\n<h4>2. Zweck der Datenverarbeitung<\/h4>\n<p>Der Verantwortliche verarbeitet Ihre pers\u00f6nlichen Daten (Vorname, Nachname, E-Mail, Telefonnummer), welche aufgrund abgeschlossener Handels- und Vertragsverh\u00e4ltnisse und\/oder Anfragen zu unseren Produkten\/Angeboten gesammelt wurden, f\u00fcr folgende Zwecke: Ausf\u00fchrung vorvertraglicher, vertraglicher Ma\u00dfnahmen und Verpflichtungen, Erf\u00fcllung steuerrechtlicher und gesetzlicher Verpflichtungen.<\/p>\n<h4>3. Rechtsgrundlage der Datenverarbeitung<\/h4>\n<p>Die Datenverarbeitung ist rechtm\u00e4\u00dfig, da: sie f\u00fcr die Erf\u00fcllung eines Vertrags oder zur Durchf\u00fchrung vorvertraglicher Ma\u00dfnahmen erforderlich ist; sie zur Erf\u00fcllung einer rechtlichen Verpflichtung erforderlich ist.<\/p>\n<h4>4. Folgen bei mangelnder \u00dcbermittlung der personenbezogenen Daten<\/h4>\n<p>Die unvollst\u00e4ndige Datenvermittlung hat die Nichterf\u00fcllung der vorvertraglichen und vertraglichen Verpflichtungen zur Folge.<\/p>\n<h4>5. Dauer Aufbewahrung<\/h4>\n<p>Die Daten werden bis zur Erf\u00fcllung der Vertragsausf\u00fchrung aufbewahrt und dann gel\u00f6scht, sofern nicht aus steuerrechtlichen und gesetzlichen Gr\u00fcnden anders verlangt.<\/p>\n<h4>6. Weitergabe der Daten<\/h4>\n<p>Die Daten werden hausintern von daf\u00fcr berechtigten Personen mittels elektronischer Systeme oder in Papierform verarbeitet und \u00fcbertragen. Die Daten werden in internen digitalen und IT-Archiven und auf jeden Fall auf italienischem Staatsgebiet gespeichert. Ihre Daten k\u00f6nnen \u00fcbermittelt werden an: Berater (Rechts-Wirtschafts-Steuerberater), Bankinstitute, Homepageverwalter, EDV-Verwalter und IT-Berater, Versanddienste und all jene, deren Dienstleistung unabdinglich ist um obernangef\u00fchrte Zwecke (Punkt 2) auszuf\u00fchren und gesetzliche Verpflichtungen zu erf\u00fcllen. Falls gesetzlich vorgesehen oder eingefordert an Gerichtsbeh\u00f6rden oder andere K\u00f6rperschaften.<\/p>\n<h4>7. \u00dcbermittlung an Drittl\u00e4nder<\/h4>\n<p>Die personenbezogenen Daten werden nicht an Drittl\u00e4nder weitergegeben.<\/p>\n<h4>8. Bestehen automatisierter Entscheidungsprozesse<\/h4>\n<p>Die Verarbeitung Ihrer Daten unterliegt keiner automatisierten Entscheidungsfindung einschlie\u00dflich Profiling.<\/p>\n<h4>9. Rechte der betroffenen Person<\/h4>\n<p>Die betroffene Person hat zu jeder Zeit das Recht:<\/p>\n<ul class=\"liste\">\n<li>Auskunft laut Art. 15 GSDVO \u00fcber die erhobenen Daten und dementsprechende Informationen zu erhalten, diese eventuell richtigzustellen, zu aktualisieren oder deren L\u00f6schung zu erlangen;<\/li>\n<li>die Einschr\u00e4nkung der Verarbeitung zu erlangen oder ein Widerspruchrechts gegen die Verarbeitung einzureichen;<\/li>\n<li>falls m\u00f6glich, die personenbezogenen Daten in einem strukturierten, g\u00e4ngigen und maschinenlesbaren Format zu erhalten, sowie alle \u00fcbrigen gesetzlich zuerkannten Rechte geltend zu machen (Recht auf Daten\u00fcbertragbarkeit):<\/li>\n<li>Beschwerde bei der Aufsichtsbeh\u00f6rde einzureichen (www.garanteprivacy.it).<\/li>\n<\/ul>\n<p>F\u00fcr die Aus\u00fcbung genannter Rechte ist es notwendig den Verantwortlichen f\u00fcr die Datenverarbeitung \u00fcber die E-Mail <a href=\"mailto:&#105;nfo&#64;&#102;&#101;&#109;&#97;ca&#114;s.&#99;om\">info&#64;&#102;em&#97;c&#97;&#114;&#115;&#46;c&#111;&#109;<\/a> zu kontaktieren.<\/p>\n","protected":false},"excerpt":{"rendered":"<p>Aufkl\u00e4rungsschreiben im Sinne der DSGVO 2016\/679 im Sinne des Art. 13 der DSGVO 2016\/679 zum Schutz pers\u00f6nlicher Daten werden Ihre Daten nach den Prinzipien der Korrektheit, Legalit\u00e4t und Transparenz sowie unter Ber\u00fccksichtigung ihrer Privatsph\u00e4re und Ihrer Rechte behandelt. Im Sinne des Art. 13 der DSGVO 2016\/679 gelten folgende Richtlinien zur Datenverarbeitung: 1. Verantwortlicher der Datenverarbeitung [&hellip;]<\/p>\n","protected":false},"author":1,"featured_media":0,"parent":0,"menu_order":8,"comment_status":"closed","ping_status":"closed","template":"","meta":{"footnotes":""},"class_list":["post-66","page","type-page","status-publish","hentry"],"_links":{"self":[{"href":"https:\/\/www.capracamper.it\/de\/wp-json\/wp\/v2\/pages\/66","targetHints":{"allow":["GET"]}}],"collection":[{"href":"https:\/\/www.capracamper.it\/de\/wp-json\/wp\/v2\/pages"}],"about":[{"href":"https:\/\/www.capracamper.it\/de\/wp-json\/wp\/v2\/types\/page"}],"author":[{"embeddable":true,"href":"https:\/\/www.capracamper.it\/de\/wp-json\/wp\/v2\/users\/1"}],"replies":[{"embeddable":true,"href":"https:\/\/www.capracamper.it\/de\/wp-json\/wp\/v2\/comments?post=66"}],"version-history":[{"count":0,"href":"https:\/\/www.capracamper.it\/de\/wp-json\/wp\/v2\/pages\/66\/revisions"}],"wp:attachment":[{"href":"https:\/\/www.capracamper.it\/de\/wp-json\/wp\/v2\/media?parent=66"}],"curies":[{"name":"wp","href":"https:\/\/api.w.org\/{rel}","templated":true}]}}