{"id":47,"date":"2023-08-22T16:27:43","date_gmt":"2023-08-22T14:27:43","guid":{"rendered":"https:\/\/www.capracamper.it\/capracamper\/?page_id=47"},"modified":"2025-03-01T09:21:07","modified_gmt":"2025-03-01T08:21:07","slug":"landingpage","status":"publish","type":"page","link":"https:\/\/www.capracamper.it\/de\/","title":{"rendered":"Herzlich Willkommen bei <br \/>Capra Camper Italien!"},"content":{"rendered":"<p>Capra Camper, die <strong>ultraleichte<\/strong> (300 kg) und <strong>kompakte<\/strong> Absetztkabine f\u00fcr<br \/>\nOffroad-Reisen, Camping oder auch nur f\u00fcrs Wochenende.<\/p>\n<p>Diese <strong>Absetzkabine<\/strong> ist f\u00fcr <strong>alle g\u00e4ngigen Pick-ups<\/strong> konzipiert.<br \/>\nFast wie ein gro\u00dfer Camper &#8211; mit Sitzgruppe, einem Hauptbett oben 195 x 160 cm.<br \/>\nMit dem Umbau der Sitzgruppe kann zus\u00e4tzlicher Schlafplatz f\u00fcr Kinder gewonnen werden 160 x 80 cm.<br \/>\n<strong>ERH\u00c4LTLICH SIND NUN AUCH DIE KABINEN F\u00dcR 1,5 KABINER UND US-PICKUPS MIT SHORT BED!<br \/>\nLEERKABINEN AB 13.500, EURO<br \/>\n<\/strong><\/p>\n","protected":false},"excerpt":{"rendered":"<p>Capra Camper, die ultraleichte (300 kg) und kompakte Absetztkabine f\u00fcr Offroad-Reisen, Camping oder auch nur f\u00fcrs Wochenende. Diese Absetzkabine ist f\u00fcr alle g\u00e4ngigen Pick-ups konzipiert. Fast wie ein gro\u00dfer Camper &#8211; mit Sitzgruppe, einem Hauptbett oben 195 x 160 cm. Mit dem Umbau der Sitzgruppe kann zus\u00e4tzlicher Schlafplatz f\u00fcr Kinder gewonnen werden 160 x 80 [&hellip;]<\/p>\n","protected":false},"author":1,"featured_media":0,"parent":0,"menu_order":0,"comment_status":"closed","ping_status":"closed","template":"page-startseite.php","meta":{"footnotes":""},"class_list":["post-47","page","type-page","status-publish","hentry"],"_links":{"self":[{"href":"https:\/\/www.capracamper.it\/de\/wp-json\/wp\/v2\/pages\/47","targetHints":{"allow":["GET"]}}],"collection":[{"href":"https:\/\/www.capracamper.it\/de\/wp-json\/wp\/v2\/pages"}],"about":[{"href":"https:\/\/www.capracamper.it\/de\/wp-json\/wp\/v2\/types\/page"}],"author":[{"embeddable":true,"href":"https:\/\/www.capracamper.it\/de\/wp-json\/wp\/v2\/users\/1"}],"replies":[{"embeddable":true,"href":"https:\/\/www.capracamper.it\/de\/wp-json\/wp\/v2\/comments?post=47"}],"version-history":[{"count":0,"href":"https:\/\/www.capracamper.it\/de\/wp-json\/wp\/v2\/pages\/47\/revisions"}],"wp:attachment":[{"href":"https:\/\/www.capracamper.it\/de\/wp-json\/wp\/v2\/media?parent=47"}],"curies":[{"name":"wp","href":"https:\/\/api.w.org\/{rel}","templated":true}]}}